
{"id":11,"date":"2024-11-28T15:38:50","date_gmt":"2024-11-28T14:38:50","guid":{"rendered":"https:\/\/schoenhalde.de\/tierbestatter-staging\/?page_id=11"},"modified":"2025-10-15T09:22:18","modified_gmt":"2025-10-15T07:22:18","slug":"home","status":"publish","type":"page","link":"https:\/\/schoenhalde.de\/tierbestatter-verzeichnis\/","title":{"rendered":"Home"},"content":{"rendered":"\n<h2 class=\"wp-block-heading\">Tierbestatter in Deutschland<\/h2>\n\n\n\n<h3 class=\"wp-block-heading\">Verzeichnis von Tierbestattern die unabh\u00e4ngig von gro\u00dfen Ketten bundesweit in Deutschland und in \u00d6sterreich am Markt aktiv sind.<\/h3>\n\n\n\n<p>Woran erkenne ich einen seri\u00f6sen Tierbestatter? Seite: <strong><a href=\"https:\/\/schoenhalde.de\/tierbestattung\/tierbestatter-vergleich-worauf-achten\/\">Tierbestatter Vergleich worauf achten<\/a><\/strong><\/p>\n\n\n\n<p>Bitte beachten Sie dass wir keine Empfehlungen aussprechen und Serviceumfang und Leistungen oder Servicequalit\u00e4t der in nachfolgender Liste eingetragenen Kollegen nicht kommentieren. Die Sch\u00f6nhalde Tierbestattung steht in keiner laufenden Gesch\u00e4ftsbeziehung zu den hier verzeichneten Unternehmen. Das Verzeichnis ist ein kostenloses Service-Angebot der Sch\u00f6nhalde Tierbestattung, Albstadt.<br>\n &nbsp; (<i>Die Filterm\u00f6glichkeiten nach Tierarten\/Bestattungsarten sind derzeit defekt. Die Technik arbeitet bereits daran.<\/i>)<\/p>\n\n\n\n<p><\/p>\n\n\n\n<p><\/p>\n","protected":false},"excerpt":{"rendered":"<p>Tierbestatter in Deutschland Verzeichnis von Tierbestattern die unabh\u00e4ngig von gro\u00dfen Ketten bundesweit in Deutschland und in \u00d6sterreich am Markt aktiv sind. Woran erkenne ich einen seri\u00f6sen Tierbestatter? Seite: Tierbestatter Vergleich worauf achten Bitte beachten Sie dass wir keine Empfehlungen aussprechen und Serviceumfang und Leistungen oder Servicequalit\u00e4t der in nachfolgender Liste eingetragenen Kollegen nicht kommentieren. Die &#8230; <a title=\"Home\" class=\"read-more\" href=\"https:\/\/schoenhalde.de\/tierbestatter-verzeichnis\/\" aria-label=\"Mehr Informationen \u00fcber Home\">Weiterlesen<\/a><\/p>\n","protected":false},"author":1,"featured_media":0,"parent":0,"menu_order":0,"comment_status":"closed","ping_status":"closed","template":"page-business-directory.php","meta":{"_sitemap_exclude":false,"_sitemap_priority":"","_sitemap_frequency":"","footnotes":""},"class_list":["post-11","page","type-page","status-publish"],"_links":{"self":[{"href":"https:\/\/schoenhalde.de\/tierbestatter-verzeichnis\/wp-json\/wp\/v2\/pages\/11","targetHints":{"allow":["GET"]}}],"collection":[{"href":"https:\/\/schoenhalde.de\/tierbestatter-verzeichnis\/wp-json\/wp\/v2\/pages"}],"about":[{"href":"https:\/\/schoenhalde.de\/tierbestatter-verzeichnis\/wp-json\/wp\/v2\/types\/page"}],"author":[{"embeddable":true,"href":"https:\/\/schoenhalde.de\/tierbestatter-verzeichnis\/wp-json\/wp\/v2\/users\/1"}],"replies":[{"embeddable":true,"href":"https:\/\/schoenhalde.de\/tierbestatter-verzeichnis\/wp-json\/wp\/v2\/comments?post=11"}],"version-history":[{"count":13,"href":"https:\/\/schoenhalde.de\/tierbestatter-verzeichnis\/wp-json\/wp\/v2\/pages\/11\/revisions"}],"predecessor-version":[{"id":1543,"href":"https:\/\/schoenhalde.de\/tierbestatter-verzeichnis\/wp-json\/wp\/v2\/pages\/11\/revisions\/1543"}],"wp:attachment":[{"href":"https:\/\/schoenhalde.de\/tierbestatter-verzeichnis\/wp-json\/wp\/v2\/media?parent=11"}],"curies":[{"name":"wp","href":"https:\/\/api.w.org\/{rel}","templated":true}]}}